{"id":3927,"date":"2025-04-30T15:17:16","date_gmt":"2025-04-30T12:24:04","guid":{"rendered":"https:\/\/catenordicbeauty.fi\/?post_type=product&#038;p=3927"},"modified":"2025-04-30T15:24:06","modified_gmt":"2025-04-30T12:24:06","slug":"rengoringsduk","status":"publish","type":"product","link":"https:\/\/catenordicbeauty.fi\/sv\/tuote\/rengoringsduk\/","title":{"rendered":"Reng\u00f6ringsduk"},"content":{"rendered":"<p style=\"font-weight: 400;\"><b data-stringify-type=\"bold\">Milj\u00f6v\u00e4nlig duk f\u00f6r ansiktsreng\u00f6ring<\/b><\/p>\n<p style=\"font-weight: 400;\">Ta bort makeup och solkr\u00e4m skonsamt men effektivt \u2013 denna \u00e5teranv\u00e4ndbara bambuduk \u00e4r perfekt ihop med reng\u00f6ringsbalmer och -oljor. Ett hudv\u00e4nligt och h\u00e5llbart val i din dagliga hudv\u00e5rd.<\/p>\n<p style=\"font-weight: 400;\"><b data-stringify-type=\"bold\">D\u00e4rf\u00f6r kommer du att \u00e4lska den:<\/b><br \/>\n\u2714 Tar effektivt bort makeup och fysikalisk solskyddskr\u00e4m<br \/>\n\u2714 Mjuk och skonsam \u2013 torkar inte ut huden<br \/>\n\u2714 Ers\u00e4tter eng\u00e5ngsrondeller och reng\u00f6ringsdukar<br \/>\n\u2714 H\u00e5llbar, maskintv\u00e4ttbar och \u00e5teranv\u00e4ndbar<\/p>\n<p style=\"font-weight: 400;\"><b data-stringify-type=\"bold\">Produktinformation:<\/b><br \/>\n\u2022 Storlek: 20 \u00d7 20 cm<br \/>\n\u2022 Material: 82 % bambuviskos, 18 % polyester<br \/>\n\u2022 Tv\u00e5 lager mjuk bambufrott\u00e9 med stretch<br \/>\n\u2022 Tillverkad i Finland i liten syatelj\u00e9 av \u00f6verblivet tyg<br \/>\n\u2022 F\u00e4rger enligt \u00d6ko-Tex Standard 100 \u2013 inga skadliga kemikalier<br \/>\n\u2022 Tv\u00e4ttas i 60\u201390 \u00b0C utan sk\u00f6ljmedel<\/p>\n<p><b data-stringify-type=\"bold\">S\u00e5 anv\u00e4nder du den:<\/b><br \/>\nApplicera reng\u00f6ringsbalm i ansiktet, fukta duken med varmt vatten och torka rent.<\/p>\n<p style=\"font-weight: 400;\">\ud83d\udc49 <b data-stringify-type=\"bold\">L\u00e4gg i varukorgen \u2013 g\u00f6r din hudv\u00e5rdsrutin skonsam och h\u00e5llbar!<\/b><\/p>\n","protected":false},"excerpt":{"rendered":"<p>Milj\u00f6v\u00e4nlig duk f\u00f6r ansiktsreng\u00f6ring Ta bort makeup och solkr\u00e4m skonsamt men effektivt \u2013 denna \u00e5teranv\u00e4ndbara bambuduk \u00e4r perfekt ihop med reng\u00f6ringsbalmer och -oljor. Ett hudv\u00e4nligt och h\u00e5llbart val i din dagliga hudv\u00e5rd. D\u00e4rf\u00f6r kommer du att \u00e4lska den: \u2714 Tar effektivt bort makeup och fysikalisk solskyddskr\u00e4m \u2714 Mjuk och skonsam \u2013 torkar inte ut huden [&hellip;]<\/p>\n","protected":false},"featured_media":3882,"comment_status":"open","ping_status":"closed","template":"","meta":{"_acf_changed":false,"iawp_total_views":295},"product_brand":[],"product_cat":[41],"product_tag":[],"class_list":{"0":"post-3927","1":"product","2":"type-product","3":"status-publish","4":"has-post-thumbnail","6":"product_cat-for-alla-hudtyper","8":"first","9":"instock","10":"taxable","11":"shipping-taxable","12":"purchasable","13":"product-type-variable"},"acf":[],"_links":{"self":[{"href":"https:\/\/catenordicbeauty.fi\/sv\/wp-json\/wp\/v2\/product\/3927","targetHints":{"allow":["GET"]}}],"collection":[{"href":"https:\/\/catenordicbeauty.fi\/sv\/wp-json\/wp\/v2\/product"}],"about":[{"href":"https:\/\/catenordicbeauty.fi\/sv\/wp-json\/wp\/v2\/types\/product"}],"replies":[{"embeddable":true,"href":"https:\/\/catenordicbeauty.fi\/sv\/wp-json\/wp\/v2\/comments?post=3927"}],"wp:featuredmedia":[{"embeddable":true,"href":"https:\/\/catenordicbeauty.fi\/sv\/wp-json\/wp\/v2\/media\/3882"}],"wp:attachment":[{"href":"https:\/\/catenordicbeauty.fi\/sv\/wp-json\/wp\/v2\/media?parent=3927"}],"wp:term":[{"taxonomy":"product_brand","embeddable":true,"href":"https:\/\/catenordicbeauty.fi\/sv\/wp-json\/wp\/v2\/product_brand?post=3927"},{"taxonomy":"product_cat","embeddable":true,"href":"https:\/\/catenordicbeauty.fi\/sv\/wp-json\/wp\/v2\/product_cat?post=3927"},{"taxonomy":"product_tag","embeddable":true,"href":"https:\/\/catenordicbeauty.fi\/sv\/wp-json\/wp\/v2\/product_tag?post=3927"}],"curies":[{"name":"wp","href":"https:\/\/api.w.org\/{rel}","templated":true}]}}