{"id":1214,"date":"2022-09-09T13:38:18","date_gmt":"2022-09-09T10:38:18","guid":{"rendered":"https:\/\/catenordicbeauty.fi\/tuote\/hydrating-and-protecting-face-cream\/"},"modified":"2025-10-20T04:14:02","modified_gmt":"2025-10-20T01:14:02","slug":"hydrating-and-protecting-face-cream","status":"publish","type":"product","link":"https:\/\/catenordicbeauty.fi\/sv\/tuote\/hydrating-and-protecting-face-cream\/","title":{"rendered":"Hydrating and protecting face cream"},"content":{"rendered":"<p><span style=\"font-weight: 400;\"><strong>Hydrating and Protecting Face Cream<\/strong> \u00e4r en<\/span> <span style=\"font-weight: 400;\">\u00e5terfuktande och skyddande ansiktskr\u00e4m, som hj\u00e4lper huden f\u00f6rb\u00e4ttra sin egna barri\u00e4r. Keramid hj\u00e4lper huden att bevara sin skyddande lipid barri\u00e4r och skyddar huden fr\u00e5n \u00e5lderstecken och UV str\u00e5lning. Havre- och hampafr\u00f6oljorna mjukg\u00f6r och lugnar huden och inneh\u00e5ller rikligt med fettsyror som \u00e4r v\u00e4sentliga f\u00f6r kroppen. Betain och xylitol beh\u00e5ller huden fuktad och v\u00e4lm\u00e5ende genom att effektivt binda fukt p\u00e5 huden. Den \u00e5terfuktande kr\u00e4men l\u00e4mnar en l\u00e4tt k\u00e4nsla, samt en siden matt yta p\u00e5 huden.\u00a0<\/span><\/p>\n<p><b>Anv\u00e4ndning:\u00a0<\/b><span style=\"font-weight: 400;\">Hydrating and Protecting Face Cream kan anv\u00e4ndas till alla hudtyper dag och natt. Till\u00e4gg n\u00e5gra droppar Renewing and Protecting Vitamin Oil f\u00f6r extra v\u00e5rd och fukt.<\/span><\/p>\n<ul>\n<li>Utvecklad i Finland och tillverkad i Sverige<\/li>\n<li>Vegansk<\/li>\n<li>100 % naturlig<\/li>\n<li>Dermatologiskt testad<\/li>\n<\/ul>\n<p>&nbsp;<\/p>\n<div>\n<p><strong><span lang=\"EN-US\">Vinnare<\/span><\/strong><span class=\"apple-converted-space\"><b><span lang=\"EN-US\">\u00a0<\/span><\/b><\/span><span lang=\"EN-US\">Best Day Moisturizer i Nordic Natural Beauty Awards 2023!<\/span><\/p>\n<\/div>\n","protected":false},"excerpt":{"rendered":"<p><span style=\"font-weight: 400;\">with ceramide, oat oil and bilberry oil<\/span><\/p>\n","protected":false},"featured_media":3360,"comment_status":"open","ping_status":"closed","template":"","meta":{"_acf_changed":false,"iawp_total_views":159},"product_brand":[],"product_cat":[41],"product_tag":[],"class_list":{"0":"post-1214","1":"product","2":"type-product","3":"status-publish","4":"has-post-thumbnail","6":"product_cat-for-alla-hudtyper","8":"first","9":"instock","10":"featured","11":"taxable","12":"shipping-taxable","13":"purchasable","14":"product-type-simple"},"acf":[],"_links":{"self":[{"href":"https:\/\/catenordicbeauty.fi\/sv\/wp-json\/wp\/v2\/product\/1214","targetHints":{"allow":["GET"]}}],"collection":[{"href":"https:\/\/catenordicbeauty.fi\/sv\/wp-json\/wp\/v2\/product"}],"about":[{"href":"https:\/\/catenordicbeauty.fi\/sv\/wp-json\/wp\/v2\/types\/product"}],"replies":[{"embeddable":true,"href":"https:\/\/catenordicbeauty.fi\/sv\/wp-json\/wp\/v2\/comments?post=1214"}],"wp:featuredmedia":[{"embeddable":true,"href":"https:\/\/catenordicbeauty.fi\/sv\/wp-json\/wp\/v2\/media\/3360"}],"wp:attachment":[{"href":"https:\/\/catenordicbeauty.fi\/sv\/wp-json\/wp\/v2\/media?parent=1214"}],"wp:term":[{"taxonomy":"product_brand","embeddable":true,"href":"https:\/\/catenordicbeauty.fi\/sv\/wp-json\/wp\/v2\/product_brand?post=1214"},{"taxonomy":"product_cat","embeddable":true,"href":"https:\/\/catenordicbeauty.fi\/sv\/wp-json\/wp\/v2\/product_cat?post=1214"},{"taxonomy":"product_tag","embeddable":true,"href":"https:\/\/catenordicbeauty.fi\/sv\/wp-json\/wp\/v2\/product_tag?post=1214"}],"curies":[{"name":"wp","href":"https:\/\/api.w.org\/{rel}","templated":true}]}}