{"id":1213,"date":"2022-09-09T13:48:37","date_gmt":"2022-09-09T10:48:37","guid":{"rendered":"https:\/\/catenordicbeauty.fi\/tuote\/super-hydrating-antioxidant-serum\/"},"modified":"2025-10-20T04:14:02","modified_gmt":"2025-10-20T01:14:02","slug":"super-hydrating-antioxidant-serum","status":"publish","type":"product","link":"https:\/\/catenordicbeauty.fi\/sv\/tuote\/super-hydrating-antioxidant-serum\/","title":{"rendered":"Super hydrating antioxidant serum"},"content":{"rendered":"<p><strong>Bestseller!<\/strong><\/p>\n<p><span style=\"font-weight: 400;\"><strong>Super Hydrating Antioxidant<\/strong> <strong>Serum<\/strong> hj\u00e4lper f\u00f6rb\u00e4ttra hudens fuktighetsbalans. Algae och hyaluronsyra binder effektivt fukt p\u00e5 huden och l\u00e4mnar huden len och \u00e5terfuktad. Havre- och lingonoljan inneh\u00e5ller naturligt v\u00e4sentliga fettsyror och antioxindanter som skyddar huden mot oxidativ stress. Produkten har en fruktigt fr\u00e4sh mild doft.<\/span><\/p>\n<p><b>Anv\u00e4ndning:<\/b><span style=\"font-weight: 400;\"> Super Hydrating Antioxidant Serum passar alla hudtyper f\u00f6r anv\u00e4ndning b\u00e5de morgon och kv\u00e4ll. Massera in 1-2 droppar serum p\u00e5 ren hud och l\u00e5t sugas upp.<\/span> <span style=\"font-weight: 400;\">F\u00f6r att f\u00e5 extra fukt p\u00e5 ansiktet, spraya f\u00f6rst lite Hydrating and Vitalizing\u00a0Osmolytic Face Mist\u00a0eller addera n\u00e5gra droppar Renewing and Protecting Vitamin Oil i serumet.<\/span><\/p>\n<ul>\n<li>Utvecklad i Finland och tillverkad i Sverige<\/li>\n<li>Vegansk<\/li>\n<li>100 % naturlig<\/li>\n<li>Dermatologiskt testad<\/li>\n<\/ul>\n<p>&nbsp;<\/p>\n<p><strong>Vinnare <\/strong>Best Active Serum i Nordic Natural Beauty Awards 2023!<\/p>\n","protected":false},"excerpt":{"rendered":"<p><span style=\"font-weight: 400;\">with hyaluronic acid, algae, oat oil and lingonberry oil<\/span><\/p>\n","protected":false},"featured_media":3351,"comment_status":"open","ping_status":"closed","template":"","meta":{"_acf_changed":false,"iawp_total_views":41},"product_brand":[],"product_cat":[41],"product_tag":[],"class_list":{"0":"post-1213","1":"product","2":"type-product","3":"status-publish","4":"has-post-thumbnail","6":"product_cat-for-alla-hudtyper","8":"first","9":"instock","10":"featured","11":"taxable","12":"shipping-taxable","13":"purchasable","14":"product-type-simple"},"acf":[],"_links":{"self":[{"href":"https:\/\/catenordicbeauty.fi\/sv\/wp-json\/wp\/v2\/product\/1213","targetHints":{"allow":["GET"]}}],"collection":[{"href":"https:\/\/catenordicbeauty.fi\/sv\/wp-json\/wp\/v2\/product"}],"about":[{"href":"https:\/\/catenordicbeauty.fi\/sv\/wp-json\/wp\/v2\/types\/product"}],"replies":[{"embeddable":true,"href":"https:\/\/catenordicbeauty.fi\/sv\/wp-json\/wp\/v2\/comments?post=1213"}],"wp:featuredmedia":[{"embeddable":true,"href":"https:\/\/catenordicbeauty.fi\/sv\/wp-json\/wp\/v2\/media\/3351"}],"wp:attachment":[{"href":"https:\/\/catenordicbeauty.fi\/sv\/wp-json\/wp\/v2\/media?parent=1213"}],"wp:term":[{"taxonomy":"product_brand","embeddable":true,"href":"https:\/\/catenordicbeauty.fi\/sv\/wp-json\/wp\/v2\/product_brand?post=1213"},{"taxonomy":"product_cat","embeddable":true,"href":"https:\/\/catenordicbeauty.fi\/sv\/wp-json\/wp\/v2\/product_cat?post=1213"},{"taxonomy":"product_tag","embeddable":true,"href":"https:\/\/catenordicbeauty.fi\/sv\/wp-json\/wp\/v2\/product_tag?post=1213"}],"curies":[{"name":"wp","href":"https:\/\/api.w.org\/{rel}","templated":true}]}}