{"id":1212,"date":"2022-09-09T13:49:45","date_gmt":"2022-09-09T10:49:45","guid":{"rendered":"https:\/\/catenordicbeauty.fi\/tuote\/renewing-and-protecting-vitamin-oil\/"},"modified":"2025-10-20T04:14:01","modified_gmt":"2025-10-20T01:14:01","slug":"renewing-and-protecting-vitamin-oil","status":"publish","type":"product","link":"https:\/\/catenordicbeauty.fi\/sv\/tuote\/renewing-and-protecting-vitamin-oil\/","title":{"rendered":"Renewing and protecting vitamin oil"},"content":{"rendered":"<p><b>Renewing and Protecting Vitamin Oil\u00a0 <\/b><span style=\"font-weight: 400;\">\u00e4r en effektivt<\/span> <span style=\"font-weight: 400;\">f\u00f6rnyande och skyddande ansiksolja, som l\u00e4mnar en n\u00e4rd, men l\u00e4tt k\u00e4nsla p\u00e5 huden. De noggrant utvalda oljorna mjukg\u00f6r och \u00e5terfuktar huden samt bevarar fuktighetbalansen utan att t\u00e4ppa till porerna. Bakuchiol hj\u00e4lper huden att f\u00f6rnyas, den minskar rynkor och \u00e4rr av akne, samt f\u00f6rb\u00e4ttrar hudens tekstur och f\u00e4rgton.\u00a0<\/span><\/p>\n<p><span style=\"font-weight: 400;\"><strong>Anv\u00e4ndning:<\/strong> Passar alla hudtyper f\u00f6r anv\u00e4ndning morgon och kv\u00e4ll. Oljan absorberas snabbt och l\u00e4mnar huden len. Tills\u00e4tt n\u00e5gra droppar olja till Super Hydrating Antioxidant Serum eller Hydrating and Protecting Face Cream eller anv\u00e4nd som sista produkt i din ansiktsrutin f\u00f6r att l\u00e5sa fuktigheten p\u00e5 huden.<\/span><\/p>\n<ul>\n<li>Utvecklad i Finland och tillverkad i Sverige<\/li>\n<li>Vegansk<\/li>\n<li>100 % naturlig<\/li>\n<li>Dermatologiskt testad<\/li>\n<\/ul>\n","protected":false},"excerpt":{"rendered":"<p><span style=\"font-weight: 400;\">with bakuchiol, bilberry oil and oat oil<\/span><\/p>\n","protected":false},"featured_media":3375,"comment_status":"open","ping_status":"closed","template":"","meta":{"_acf_changed":false,"iawp_total_views":21},"product_brand":[],"product_cat":[41],"product_tag":[],"class_list":{"0":"post-1212","1":"product","2":"type-product","3":"status-publish","4":"has-post-thumbnail","6":"product_cat-for-alla-hudtyper","8":"first","9":"instock","10":"featured","11":"taxable","12":"shipping-taxable","13":"purchasable","14":"product-type-simple"},"acf":[],"_links":{"self":[{"href":"https:\/\/catenordicbeauty.fi\/sv\/wp-json\/wp\/v2\/product\/1212","targetHints":{"allow":["GET"]}}],"collection":[{"href":"https:\/\/catenordicbeauty.fi\/sv\/wp-json\/wp\/v2\/product"}],"about":[{"href":"https:\/\/catenordicbeauty.fi\/sv\/wp-json\/wp\/v2\/types\/product"}],"replies":[{"embeddable":true,"href":"https:\/\/catenordicbeauty.fi\/sv\/wp-json\/wp\/v2\/comments?post=1212"}],"wp:featuredmedia":[{"embeddable":true,"href":"https:\/\/catenordicbeauty.fi\/sv\/wp-json\/wp\/v2\/media\/3375"}],"wp:attachment":[{"href":"https:\/\/catenordicbeauty.fi\/sv\/wp-json\/wp\/v2\/media?parent=1212"}],"wp:term":[{"taxonomy":"product_brand","embeddable":true,"href":"https:\/\/catenordicbeauty.fi\/sv\/wp-json\/wp\/v2\/product_brand?post=1212"},{"taxonomy":"product_cat","embeddable":true,"href":"https:\/\/catenordicbeauty.fi\/sv\/wp-json\/wp\/v2\/product_cat?post=1212"},{"taxonomy":"product_tag","embeddable":true,"href":"https:\/\/catenordicbeauty.fi\/sv\/wp-json\/wp\/v2\/product_tag?post=1212"}],"curies":[{"name":"wp","href":"https:\/\/api.w.org\/{rel}","templated":true}]}}