{"id":1210,"date":"2022-09-09T13:52:06","date_gmt":"2022-09-09T10:52:06","guid":{"rendered":"https:\/\/catenordicbeauty.fi\/tuote\/hydrating-and-vitalizing-osmolytic-face-mist\/"},"modified":"2025-10-20T04:14:01","modified_gmt":"2025-10-20T01:14:01","slug":"hydrating-and-vitalizing-osmolytic-face-mist","status":"publish","type":"product","link":"https:\/\/catenordicbeauty.fi\/sv\/tuote\/hydrating-and-vitalizing-osmolytic-face-mist\/","title":{"rendered":"Hydrating and vitalizing osmolytic face mist"},"content":{"rendered":"<p>Hydrating and Vitalizing Osmolytic Face Mist ger effektiv fukt och livskraft f\u00f6r huden. Ros extraktet hj\u00e4lper att minska sp\u00e5r av tr\u00f6tthet och utj\u00e4mnar hudens nyanser. Naturliga osmolyter, betain och inositol, hj\u00e4lper hudcellerna att beh\u00e5lla sin vattenbalans genom att skydda keratinocyterna fr\u00e5n hyperosmotisk stress. Produkten har en mild natulig rosdoft.<\/p>\n<p><strong>Anv\u00e4nding<\/strong>: Anv\u00e4nd morgon och kv\u00e4ll p\u00e5 ren hud, tryck l\u00e4tt p\u00e5 huden. Kan \u00e4ven anv\u00e4das som inst\u00e4llningsspray eller uppfr\u00e4shning under dagen.<\/p>\n<ul>\n<li>Utvecklad i Finland och tillverkad i Sverige<\/li>\n<li>Vegansk<\/li>\n<li>100 % naturlig<\/li>\n<li>Dermatologiskt testad<\/li>\n<li>pH 4,5<\/li>\n<\/ul>\n","protected":false},"excerpt":{"rendered":"<p><span style=\"font-weight: 400;\">with sugars, birch sap and rose extract<\/span><\/p>\n","protected":false},"featured_media":3357,"comment_status":"open","ping_status":"closed","template":"","meta":{"_acf_changed":false,"iawp_total_views":33},"product_brand":[],"product_cat":[41],"product_tag":[],"class_list":{"0":"post-1210","1":"product","2":"type-product","3":"status-publish","4":"has-post-thumbnail","6":"product_cat-for-alla-hudtyper","8":"first","9":"instock","10":"featured","11":"taxable","12":"shipping-taxable","13":"purchasable","14":"product-type-simple"},"acf":[],"_links":{"self":[{"href":"https:\/\/catenordicbeauty.fi\/sv\/wp-json\/wp\/v2\/product\/1210","targetHints":{"allow":["GET"]}}],"collection":[{"href":"https:\/\/catenordicbeauty.fi\/sv\/wp-json\/wp\/v2\/product"}],"about":[{"href":"https:\/\/catenordicbeauty.fi\/sv\/wp-json\/wp\/v2\/types\/product"}],"replies":[{"embeddable":true,"href":"https:\/\/catenordicbeauty.fi\/sv\/wp-json\/wp\/v2\/comments?post=1210"}],"wp:featuredmedia":[{"embeddable":true,"href":"https:\/\/catenordicbeauty.fi\/sv\/wp-json\/wp\/v2\/media\/3357"}],"wp:attachment":[{"href":"https:\/\/catenordicbeauty.fi\/sv\/wp-json\/wp\/v2\/media?parent=1210"}],"wp:term":[{"taxonomy":"product_brand","embeddable":true,"href":"https:\/\/catenordicbeauty.fi\/sv\/wp-json\/wp\/v2\/product_brand?post=1210"},{"taxonomy":"product_cat","embeddable":true,"href":"https:\/\/catenordicbeauty.fi\/sv\/wp-json\/wp\/v2\/product_cat?post=1210"},{"taxonomy":"product_tag","embeddable":true,"href":"https:\/\/catenordicbeauty.fi\/sv\/wp-json\/wp\/v2\/product_tag?post=1210"}],"curies":[{"name":"wp","href":"https:\/\/api.w.org\/{rel}","templated":true}]}}