{"id":1189,"date":"2022-09-09T13:53:28","date_gmt":"2022-09-09T10:53:28","guid":{"rendered":"https:\/\/catenordicbeauty.fi\/tuote\/nourishing-cleansing-balm\/"},"modified":"2025-10-20T04:14:00","modified_gmt":"2025-10-20T01:14:00","slug":"nourishing-cleansing-balm","status":"publish","type":"product","link":"https:\/\/catenordicbeauty.fi\/sv\/tuote\/nourishing-cleansing-balm\/","title":{"rendered":"Nourishing cleansing balm"},"content":{"rendered":"<p><span style=\"font-weight: 400;\"><strong>Nourishing Cleansing Balm<\/strong> \u00e4r en skonsam och v\u00e5rdande reng\u00f6ringsbalsam, som effektivt sm\u00e4lter bort orenheter, solskydd samt makeup. Hj\u00e4lper huden att beh\u00e5lla sitt egna skyddslager och l\u00e4mnar huden mjuk och \u00e5terfuktad. Produkten har en mild, fr\u00e4sch fruktig doft.<\/span><\/p>\n<p><b>Anv\u00e4ndning<\/b><span style=\"font-weight: 400;\">: Nourishing Cleansing Balm passer alla hudtyper f\u00f6r anv\u00e4ndning b\u00e5de morgon och kv\u00e4ll. Massera in 1-2 pumpningar balm p\u00e5 torr hud. Till\u00e4gg en liten m\u00e4ngd varmt vatten f\u00f6r att emulgera balmen och sk\u00f6lj noggrant.<\/span><\/p>\n<ul>\n<li>Utvecklad i Finland och tillverkad i Sverige<\/li>\n<li>Vegansk<\/li>\n<li>100 % naturlig<\/li>\n<li>Dermatologiskt testad<\/li>\n<\/ul>\n","protected":false},"excerpt":{"rendered":"<p><span style=\"font-weight: 400;\">with seabuckthorn<\/span><\/p>\n","protected":false},"featured_media":3354,"comment_status":"open","ping_status":"closed","template":"","meta":{"_acf_changed":false,"iawp_total_views":17},"product_brand":[],"product_cat":[41],"product_tag":[],"class_list":{"0":"post-1189","1":"product","2":"type-product","3":"status-publish","4":"has-post-thumbnail","6":"product_cat-for-alla-hudtyper","8":"first","9":"instock","10":"featured","11":"taxable","12":"shipping-taxable","13":"purchasable","14":"product-type-simple"},"acf":[],"_links":{"self":[{"href":"https:\/\/catenordicbeauty.fi\/sv\/wp-json\/wp\/v2\/product\/1189","targetHints":{"allow":["GET"]}}],"collection":[{"href":"https:\/\/catenordicbeauty.fi\/sv\/wp-json\/wp\/v2\/product"}],"about":[{"href":"https:\/\/catenordicbeauty.fi\/sv\/wp-json\/wp\/v2\/types\/product"}],"replies":[{"embeddable":true,"href":"https:\/\/catenordicbeauty.fi\/sv\/wp-json\/wp\/v2\/comments?post=1189"}],"wp:featuredmedia":[{"embeddable":true,"href":"https:\/\/catenordicbeauty.fi\/sv\/wp-json\/wp\/v2\/media\/3354"}],"wp:attachment":[{"href":"https:\/\/catenordicbeauty.fi\/sv\/wp-json\/wp\/v2\/media?parent=1189"}],"wp:term":[{"taxonomy":"product_brand","embeddable":true,"href":"https:\/\/catenordicbeauty.fi\/sv\/wp-json\/wp\/v2\/product_brand?post=1189"},{"taxonomy":"product_cat","embeddable":true,"href":"https:\/\/catenordicbeauty.fi\/sv\/wp-json\/wp\/v2\/product_cat?post=1189"},{"taxonomy":"product_tag","embeddable":true,"href":"https:\/\/catenordicbeauty.fi\/sv\/wp-json\/wp\/v2\/product_tag?post=1189"}],"curies":[{"name":"wp","href":"https:\/\/api.w.org\/{rel}","templated":true}]}}