{"id":1686,"date":"2023-02-08T15:09:52","date_gmt":"2023-02-08T13:09:52","guid":{"rendered":"https:\/\/catenordicbeauty.fi\/?page_id=1686"},"modified":"2023-05-08T21:31:56","modified_gmt":"2023-05-08T18:31:56","slug":"ostoskori-sve","status":"publish","type":"page","link":"https:\/\/catenordicbeauty.fi\/sv\/ostoskori-sve\/","title":{"rendered":"Ostoskori SVE"},"content":{"rendered":"\t\t<div data-elementor-type=\"wp-page\" data-elementor-id=\"1686\" class=\"elementor elementor-1686 elementor-690\" data-elementor-post-type=\"page\">\n\t\t\t\t<div class=\"elementor-element elementor-element-723a6a9 e-flex e-con-boxed e-con e-parent\" data-id=\"723a6a9\" data-element_type=\"container\" data-e-type=\"container\" data-settings=\"{&quot;background_background&quot;:&quot;classic&quot;}\">\n\t\t\t\t\t<div class=\"e-con-inner\">\n\t\t\t\t<div class=\"elementor-element elementor-element-f0858a5 elementor-widget elementor-widget-spacer\" data-id=\"f0858a5\" data-element_type=\"widget\" data-e-type=\"widget\" data-widget_type=\"spacer.default\">\n\t\t\t\t<div class=\"elementor-widget-container\">\n\t\t\t\t\t\t\t<div class=\"elementor-spacer\">\n\t\t\t<div class=\"elementor-spacer-inner\"><\/div>\n\t\t<\/div>\n\t\t\t\t\t\t<\/div>\n\t\t\t\t<\/div>\n\t\t\t\t\t<\/div>\n\t\t\t\t<\/div>\n\t\t\t\t<section class=\"elementor-section elementor-top-section elementor-element elementor-element-16ebd2f6 elementor-section-boxed elementor-section-height-default elementor-section-height-default\" data-id=\"16ebd2f6\" data-element_type=\"section\" data-e-type=\"section\">\n\t\t\t\t\t\t<div class=\"elementor-container elementor-column-gap-default\">\n\t\t\t\t\t<div class=\"elementor-column elementor-col-100 elementor-top-column elementor-element elementor-element-2f6ac611\" data-id=\"2f6ac611\" data-element_type=\"column\" data-e-type=\"column\">\n\t\t\t<div class=\"elementor-widget-wrap elementor-element-populated\">\n\t\t\t\t\t\t<div class=\"elementor-element elementor-element-d6b5c1d elementor-widget elementor-widget-heading\" data-id=\"d6b5c1d\" data-element_type=\"widget\" data-e-type=\"widget\" data-widget_type=\"heading.default\">\n\t\t\t\t<div class=\"elementor-widget-container\">\n\t\t\t\t\t<h1 class=\"elementor-heading-title elementor-size-default\">Varukorg<\/h1>\t\t\t\t<\/div>\n\t\t\t\t<\/div>\n\t\t\t\t<div class=\"elementor-element elementor-element-f384cfb elementor-widget__width-inherit elementor-icon-list--layout-traditional elementor-list-item-link-full_width elementor-widget elementor-widget-icon-list\" data-id=\"f384cfb\" data-element_type=\"widget\" data-e-type=\"widget\" data-widget_type=\"icon-list.default\">\n\t\t\t\t<div class=\"elementor-widget-container\">\n\t\t\t\t\t\t\t<ul class=\"elementor-icon-list-items\">\n\t\t\t\t\t\t\t<li class=\"elementor-icon-list-item\">\n\t\t\t\t\t\t\t\t\t\t\t<span class=\"elementor-icon-list-icon\">\n\t\t\t\t\t\t\t<svg xmlns=\"http:\/\/www.w3.org\/2000\/svg\" xmlns:xlink=\"http:\/\/www.w3.org\/1999\/xlink\" id=\"Capa_1\" x=\"0px\" y=\"0px\" viewBox=\"0 0 512 512\" style=\"enable-background:new 0 0 512 512;\" xml:space=\"preserve\"><g>\t<g>\t\t<path d=\"M492.522,118.3L266.433,3.743l-0.094-0.047c-10.067-5.012-22.029-4.9-32.002,0.3l-96.969,51.464   c-0.788,0.334-1.545,0.739-2.27,1.205L18.896,118.337C7.24,124.44,0,136.398,0,149.559V362.44c0,13.161,7.24,25.118,18.896,31.221   l215.345,114.292l0.097,0.051c5.086,2.652,10.691,3.981,16.297,3.981c5.385,0,10.772-1.226,15.704-3.682l226.183-114.604   C504.538,387.69,512,375.618,512,362.18V149.82C512,136.381,504.538,124.308,492.522,118.3z M248.237,30.569   c1.469-0.754,3.223-0.769,4.705-0.042l211.629,107.23l-82.364,41.005L175.308,69.275L248.237,30.569z M235.424,474.63   L32.91,367.147l-0.097-0.051c-1.741-0.909-2.824-2.692-2.824-4.656V163.091l205.435,107.124V474.63z M250.577,244.295   L46.272,137.76l97.024-51.493L349.171,195.21L250.577,244.295z M482.009,362.178c0.001,2.007-1.115,3.809-2.911,4.703   L265.414,475.152V270.408l98.386-48.982v51.355c0,8.281,6.714,14.995,14.995,14.995s14.995-6.714,14.995-14.995v-66.286   l88.219-43.92V362.178z\"><\/path>\t<\/g><\/g><g><\/g><g><\/g><g><\/g><g><\/g><g><\/g><g><\/g><g><\/g><g><\/g><g><\/g><g><\/g><g><\/g><g><\/g><g><\/g><g><\/g><g><\/g><\/svg>\t\t\t\t\t\t<\/span>\n\t\t\t\t\t\t\t\t\t\t<span class=\"elementor-icon-list-text\">Fri leverans f\u00f6r ink\u00f6p \u00f6ver 69\u20ac till Finland och Sverige<\/span>\n\t\t\t\t\t\t\t\t\t<\/li>\n\t\t\t\t\t\t<\/ul>\n\t\t\t\t\t\t<\/div>\n\t\t\t\t<\/div>\n\t\t\t\t<div class=\"elementor-element elementor-element-38e358d6 elementor-widget elementor-widget-text-editor\" data-id=\"38e358d6\" data-element_type=\"widget\" data-e-type=\"widget\" data-widget_type=\"text-editor.default\">\n\t\t\t\t<div class=\"elementor-widget-container\">\n\t\t\t\t\t\t\t\t\t<div class=\"woocommerce\"><div class=\"woocommerce-notices-wrapper\"><\/div><div class=\"wc-empty-cart-message\">\n\t<div class=\"cart-empty woocommerce-info\" role=\"status\">\n\t\tDin varukorg \u00e4r f\u00f6r n\u00e4rvarande tom.\t<\/div>\n<\/div>\t<p class=\"return-to-shop\">\n\t\t<a class=\"button wc-backward\" href=\"https:\/\/catenordicbeauty.fi\/kauppa\/\">\n\t\t\tG\u00e5 tillbaka till butiken\t\t<\/a>\n\t<\/p>\n<\/div>\n\t\t\t\t\t\t\t\t<\/div>\n\t\t\t\t<\/div>\n\t\t\t\t\t<\/div>\n\t\t<\/div>\n\t\t\t\t\t<\/div>\n\t\t<\/section>\n\t\t\t\t<\/div>\n\t\t","protected":false},"excerpt":{"rendered":"<p>Varukorg Fri leverans f\u00f6r ink\u00f6p \u00f6ver 69\u20ac till Finland och Sverige<\/p>\n","protected":false},"author":8,"featured_media":0,"parent":0,"menu_order":0,"comment_status":"closed","ping_status":"closed","template":"","meta":{"_acf_changed":false,"iawp_total_views":26,"footnotes":""},"konsultointi_puoli":[],"class_list":["post-1686","page","type-page","status-publish","hentry"],"acf":[],"_links":{"self":[{"href":"https:\/\/catenordicbeauty.fi\/sv\/wp-json\/wp\/v2\/pages\/1686","targetHints":{"allow":["GET"]}}],"collection":[{"href":"https:\/\/catenordicbeauty.fi\/sv\/wp-json\/wp\/v2\/pages"}],"about":[{"href":"https:\/\/catenordicbeauty.fi\/sv\/wp-json\/wp\/v2\/types\/page"}],"author":[{"embeddable":true,"href":"https:\/\/catenordicbeauty.fi\/sv\/wp-json\/wp\/v2\/users\/8"}],"replies":[{"embeddable":true,"href":"https:\/\/catenordicbeauty.fi\/sv\/wp-json\/wp\/v2\/comments?post=1686"}],"version-history":[{"count":0,"href":"https:\/\/catenordicbeauty.fi\/sv\/wp-json\/wp\/v2\/pages\/1686\/revisions"}],"wp:attachment":[{"href":"https:\/\/catenordicbeauty.fi\/sv\/wp-json\/wp\/v2\/media?parent=1686"}],"wp:term":[{"taxonomy":"konsultointi_puoli","embeddable":true,"href":"https:\/\/catenordicbeauty.fi\/sv\/wp-json\/wp\/v2\/konsultointi_puoli?post=1686"}],"curies":[{"name":"wp","href":"https:\/\/api.w.org\/{rel}","templated":true}]}}