{"id":360,"date":"2022-03-03T10:06:31","date_gmt":"2022-03-03T08:06:31","guid":{"rendered":"https:\/\/catenordicbeauty.fi\/?page_id=360"},"modified":"2023-02-10T09:56:02","modified_gmt":"2023-02-10T07:56:02","slug":"privacy-policy","status":"publish","type":"page","link":"https:\/\/catenordicbeauty.fi\/en\/privacy-policy\/","title":{"rendered":"Privacy Policy"},"content":{"rendered":"\n<p>Rekisterin pit\u00e4j\u00e4<\/p>\n\n<p>CaTe Cosmetics &amp; Consulting Oy<\/p>\n\n<p>Kallenlinnankatu 34, 06100 Porvoo\u00a0<\/p>\n\n<p>Y-tunnus\u00a03244731-7<\/p>\n\n<p><\/p>\n\n<p>Yhteyshenkil\u00f6<\/p>\n\n<p>Terhi Vesa<\/p>\n\n<p>terhi@catenordicbeauty.fi<\/p>\n\n<p>Rekisterin nimi<\/p>\n\n<p>CaTe Cosmetics &amp; Consulting Oy:n asiakas- ja markkinointirekisteri<\/p>\n\n<p>Rekisterin k\u00e4ytt\u00f6tarkoitus<\/p>\n\n<p>CaTe Cosmetics &amp; Consulting Oy:n asiakasrekisterin yll\u00e4pit\u00e4minen, asiakkaiden tilausten arkistointi ja k\u00e4sittely, asiakassuhteen hoitaminen ja yll\u00e4pito sek\u00e4 palveluistamme kertominen. Tietoja voidaan k\u00e4ytt\u00e4\u00e4 toiminnan kehitt\u00e4miseen sek\u00e4 tilastollisiin tarkoituksiin. Henkil\u00f6tietoja k\u00e4sitell\u00e4\u00e4n henkil\u00f6tietolain sallimissa ja edellytt\u00e4miss\u00e4 rajoissa. Emme k\u00e4yt\u00e4 tietoja automaattiseen p\u00e4\u00e4t\u00f6ksentekoon tai profilointiin.<\/p>\n\n<p>Rekisterin pit\u00e4misen peruste<\/p>\n\n<p>Henkil\u00f6 on ottanut yhteytt\u00e4 CaTe Cosmetics &amp; Consulting Oy:n yhteydenottolomakkeella (www.catenordicbeauty.fi), s\u00e4hk\u00f6postilla tai liittynyt postituslistalle.<\/p>\n\n<p>Rekisteri sis\u00e4lt\u00e4\u00e4 enint\u00e4\u00e4n seuraavat tiedot:<\/p>\n\n<p>-asiakkaan etu- ja sukunimi<\/p>\n\n<p>-osoite<\/p>\n\n<p>-puhelinnumero<\/p>\n\n<p>-s\u00e4hk\u00f6postiosoite<\/p>\n\n<p>-tiedot tilauksista<\/p>\n\n<p>-erilaisissa kampanjoissa tai gallupeissa rekister\u00f6idylt\u00e4 kysyttyjen kysymysten vastaukset<\/p>\n\n<p>Rekisteriss\u00e4 on vain ne tiedot, jotka henkil\u00f6 itse on meille luovuttanut.<\/p>\n\n<p>Rekisterin suojaus<\/p>\n\n<p>CaTe Cosmetics &amp; Consulting Oy:n asiakasrekisterin tietoihin p\u00e4\u00e4sev\u00e4t ainoastaan yrityksen oma henkil\u00f6kunta tai muut henkil\u00f6t, joilla siihen on ty\u00f6ns\u00e4 puolesta oikeus. Kaikkia rekisterin k\u00e4ytt\u00e4ji\u00e4 sitoo vaitiolovelvollisuus. Rekisteri on s\u00e4hk\u00f6isess\u00e4 muodossa, ja siihen liittyv\u00e4t tietokannat ovat palomuurein, salasanoin ja muin teknisin keinoin suojattuja ulkoisia tietomurtoja vastaan.<\/p>\n\n<p>Tarkastus- kielto- ja korjausoikeus<\/p>\n\n<p>Tarkastusoikeus<\/p>\n\n<p>Rekister\u00f6ity voi tarkistaa tallentamamme henkil\u00f6tiedot.<\/p>\n\n<p>Oikeus tietojen oikaisemiseen<\/p>\n\n<p>Rekister\u00f6ity voi pyyt\u00e4\u00e4 oikaisemaan h\u00e4nt\u00e4 koskevat virheelliset tai puutteelliset tiedot.<\/p>\n\n<p>Vastustamisoikeus<\/p>\n\n<p>Rekister\u00f6ity voi vastustaa henkil\u00f6tietojen k\u00e4sittely\u00e4, mik\u00e4li kokee, ett\u00e4 henkil\u00f6tietoja on k\u00e4sitelty lainvastaisesti.<\/p>\n\n<p>Suoramarkkinointikielto<\/p>\n\n<p>Rekister\u00f6idyll\u00e4 on oikeus kielt\u00e4\u00e4 tietojen k\u00e4ytt\u00e4minen suoramarkkinointiin.<\/p>\n\n<p>Poisto-oikeus<\/p>\n\n<p>Rekister\u00f6idyll\u00e4 on oikeus pyyt\u00e4\u00e4 tietojen poistamista, jos tietojen k\u00e4sittely ei ole tarpeen. K\u00e4sittelemme poistopyynn\u00f6n, jonka j\u00e4lkeen joko poistamme tiedot tai ilmoitamme perustellun syyn, miksi tietoja ei voida poistaa.<\/p>\n\n<p>On huomioitava, ett\u00e4 rekisterinpit\u00e4j\u00e4ll\u00e4 voi olla lakis\u00e4\u00e4teinen tai muu oikeus olla poistamatta pyydetty\u00e4 tietoa. Rekisterinpit\u00e4j\u00e4ll\u00e4 on velvollisuus s\u00e4ilytt\u00e4\u00e4 kirjanpitoaineisto Kirjanpitolaissa (luku 2, 10 \u00a7) m\u00e4\u00e4ritellyn ajan (10 vuotta) mukaisesti. T\u00e4m\u00e4n vuoksi kirjanpitoon liittyv\u00e4\u00e4 aineistoa ei voida poistaa ennen m\u00e4\u00e4r\u00e4ajan umpeutumista.<\/p>\n\n<p>Suostumuksen peruuttaminen<\/p>\n\n<p>Jos rekister\u00f6ity\u00e4 koskeva henkil\u00f6tietojen k\u00e4sittely perustuu ainoastaan suostumukseen, eik\u00e4 esim. asiakkuuteen tai j\u00e4senyyteen, voi rekister\u00f6ity peruuttaa suostumuksen.<\/p>\n\n<p>Rekister\u00f6ity voi valittaa p\u00e4\u00e4t\u00f6ksest\u00e4 tietosuojavaltuutetulle<\/p>\n\n<p>Rekister\u00f6idyll\u00e4 on oikeus vaatia, ett\u00e4 rajoitamme kiistanalaisten tietojen k\u00e4sittely\u00e4 siksi aikaa, kunnes asia saadaan ratkaistua.<\/p>\n\n<p>Valitusoikeus<\/p>\n\n<p>Rekister\u00f6idyll\u00e4 on oikeus tehd\u00e4 valitus tietosuojavaltuutetulle kantelu, jos h\u00e4n kokee, ett\u00e4 rikomme henkil\u00f6tietoja k\u00e4sitelless\u00e4mme voimassa olevaa tietosuojalains\u00e4\u00e4d\u00e4nt\u00f6\u00e4.<\/p>\n\n<p>Tietosuojavaltuutetun yhteystiedot:\u00a0\u00a0<a href=\"http:\/\/www.tietosuoja.fi\/fi\/index\/yhteystiedot.html\" target=\"_blank\" rel=\"noopener\">www.tietosuoja.fi\/fi\/index\/yhteystiedot.html<\/a><\/p>\n\n<p>S\u00e4\u00e4nn\u00f6nmukaiset tietojen luovutukset<\/p>\n\n<p>Tietoja ei p\u00e4\u00e4s\u00e4\u00e4nt\u00f6isesti luovuteta markkinointitarkoituksiin CaTe Cosmetics &amp; Consulting Oy:n ulkopuolelle.<\/p>\n\n<p>Olemme varmistaneet, ett\u00e4 kaikki palveluntarjoajamme noudattavat tietosuojalains\u00e4\u00e4d\u00e4nt\u00f6\u00e4. K\u00e4yt\u00e4mme s\u00e4\u00e4nn\u00f6nmukaisesti seuraavia palvelutarjoajia:<\/p>\n\n<p>-tilitoimisto<\/p>\n\n<p>-maksupalvelunv\u00e4litt\u00e4j\u00e4 Maventa<\/p>\n\n<p>-verkkosuunnitteluyritys Haven Porvoo<\/p>\n\n<p>Tietoja ei siirret\u00e4 EU:n ulkopuolelle.<\/p>\n\n<p>K\u00e4sittelyn kesto<\/p>\n\n<p>Henkil\u00f6tietoja k\u00e4sitell\u00e4\u00e4n p\u00e4\u00e4s\u00e4\u00e4nt\u00f6isesti niin kauan, kuin asiakkuus on voimassa.<\/p>\n","protected":false},"excerpt":{"rendered":"<p>Rekisterin pit\u00e4j\u00e4 CaTe Cosmetics &amp; Consulting Oy Kallenlinnankatu 34, 06100 Porvoo\u00a0 Y-tunnus\u00a03244731-7 Yhteyshenkil\u00f6 Terhi Vesa terhi@catenordicbeauty.fi Rekisterin nimi CaTe Cosmetics &amp; Consulting Oy:n asiakas- ja markkinointirekisteri Rekisterin k\u00e4ytt\u00f6tarkoitus CaTe Cosmetics &amp; Consulting Oy:n asiakasrekisterin yll\u00e4pit\u00e4minen, asiakkaiden tilausten arkistointi ja k\u00e4sittely, asiakassuhteen hoitaminen ja yll\u00e4pito sek\u00e4 palveluistamme kertominen. Tietoja voidaan k\u00e4ytt\u00e4\u00e4 toiminnan kehitt\u00e4miseen sek\u00e4 tilastollisiin tarkoituksiin. [&hellip;]<\/p>\n","protected":false},"author":2,"featured_media":0,"parent":0,"menu_order":0,"comment_status":"closed","ping_status":"closed","template":"","meta":{"_acf_changed":false,"iawp_total_views":22,"footnotes":""},"konsultointi_puoli":[],"class_list":["post-360","page","type-page","status-publish","hentry"],"acf":[],"_links":{"self":[{"href":"https:\/\/catenordicbeauty.fi\/en\/wp-json\/wp\/v2\/pages\/360","targetHints":{"allow":["GET"]}}],"collection":[{"href":"https:\/\/catenordicbeauty.fi\/en\/wp-json\/wp\/v2\/pages"}],"about":[{"href":"https:\/\/catenordicbeauty.fi\/en\/wp-json\/wp\/v2\/types\/page"}],"author":[{"embeddable":true,"href":"https:\/\/catenordicbeauty.fi\/en\/wp-json\/wp\/v2\/users\/2"}],"replies":[{"embeddable":true,"href":"https:\/\/catenordicbeauty.fi\/en\/wp-json\/wp\/v2\/comments?post=360"}],"version-history":[{"count":0,"href":"https:\/\/catenordicbeauty.fi\/en\/wp-json\/wp\/v2\/pages\/360\/revisions"}],"wp:attachment":[{"href":"https:\/\/catenordicbeauty.fi\/en\/wp-json\/wp\/v2\/media?parent=360"}],"wp:term":[{"taxonomy":"konsultointi_puoli","embeddable":true,"href":"https:\/\/catenordicbeauty.fi\/en\/wp-json\/wp\/v2\/konsultointi_puoli?post=360"}],"curies":[{"name":"wp","href":"https:\/\/api.w.org\/{rel}","templated":true}]}}